{"id":5656,"date":"2010-12-18T11:19:13","date_gmt":"2010-12-18T10:19:13","guid":{"rendered":"http:\/\/www.tilt.it\/flipper_pinball\/"},"modified":"2016-07-03T23:26:15","modified_gmt":"2016-07-03T21:26:15","slug":"episodio-1-la-leggenda-di-beniamino-dolli","status":"publish","type":"page","link":"https:\/\/www.tilt.it\/flipper_pinball\/scrittori-in-tilt\/episodio-1-la-leggenda-di-beniamino-dolli\/","title":{"rendered":"episodio 1 &#8211; la leggenda di Beniamino Dolli"},"content":{"rendered":"<div class=\"translate_block\" style=\"display: none;\">\n<a class=\"translate_translate\" id=\"translate_button_post-5656\" lang=\"en\" xml:lang=\"en\" href=\"javascript:show_translate_popup('en', 'post', 5656);\">[Translate]<\/a><img src=\"https:\/\/www.tilt.it\/flipper_pinball\/wp-content\/plugins\/google-ajax-translation\/transparent.gif\" id=\"translate_loading_post-5656\" class=\"translate_loading\" style=\"display: none;\" width=\"16\" height=\"16\" alt=\"\" \/>\n<\/div>\n<div id=\"content_div-5656\">\n<p><\/p>\n<p style=\"text-align: center;\"><em>La leggenda di Beniamino Dolli \u00e8 primo capitolo di una trilogia di \u201cleggende\u201d della nostra terra. Ogni \u201cserie\u201d, tre appunto, \u00e8 composta di 22 episodi.<br \/>\nUn progetto narrativo di Gianluca Casaccia.<\/em><\/p>\n<div style=\"text-align: center;\"><em>Vietata qualsiasi riproduzione anche parziale senza permesso diretto dell\u2019autore.<\/em><\/div>\n<div><em><br \/>\n<\/em><\/div>\n<p style=\"text-align: center;\"><strong>Episodio 1 \u2013 la leggenda<\/strong><\/p>\n<p style=\"text-align: justify;\">Era il millenovecentocinquantasei. Io ero l\u00ec, piccolo, invisibile, guardavo. Lo guardavo estasiato.<br \/>\nBeniamino Dolli.<br \/>\nQuesto nome \u00e8 una leggenda, un mito. Dalle nostre parti chiaramente.<br \/>\nBeniamino Dolli. Non c\u2019\u00e8 nessuno che realmente sappia che fine abbia fatto, dopo quell\u2019ultima volta. Quella che lo ha fatto entrare nella leggenda per sempre.<br \/>\nGi\u00e0 per noi bambini uno come Beniamino, profumava di mito, di avventura.<br \/>\nQuel giorno Beniamino Dolli vestiva una camicia vagamente western, aperta come ogni camicia indossasse, con canotta bianca a coste \u201citalian style\u201d un po\u2019 sudata, pantaloni jeans chiari. Nazionali nel taschino e mento non rasato. Mascella volitiva. Denti indiscutibilmente gialli. Credo comunque un bell\u2019uomo.<br \/>\nVedete, per chiunque fuori delle mie parti Beniamino Dolli non \u00e8 nessuno. Nel senso che nessuno credo l\u2019abbia mai sentito nominare, eppure vi dicevo che qui \u00e8 leggenda.<br \/>\nSi, per via di un record. Il record del 1956. Flipper. Banale?<br \/>\nIl flipper, pi\u00f9 volte messo a posto \u00e8 sempre stato l\u00ec, funzionante. Io sono andato e tornato, ma casa \u00e8 sempre questa. Punteggio massimo possibile 999.999. Dolli quel giorno, credo venerd\u00ec pomeriggio, segn\u00f2 999.897. Ricordo cos\u00ec chiaramente\u2026 Da l\u00ec in poi leggenda e storie a profusione su dove fosse, chi fosse veramente.<br \/>\nD\u2019altronde lo conoscevano di vista un po\u2019 tutti, nessuno bene. Eccetto Nicola e Antonio. Passava spesso, ma non viveva qui, credo avesse delle donne. Di certo aveva due famiglie, ma questo non \u00e8 importante, \u00e8 importante la leggenda di Beniamino Dolli e del su record.<br \/>\n\u201cAveva un tocco quello l\u00ec\u2026\u201d; \u201cIo l\u2019ho visto giocare, era sempre l\u00ec intorno al record\u201d; \u201cMa il Beniamino giocava di polso, era quella la differenza\u2026\u201d.<br \/>\nC\u2019\u00e8 chi dice di aver fatto il record, ma il flipper non segn\u00f2 quel giorno. C\u2019\u00e8 chi dice di aver visto Beniamino in un altro Caff\u00e8 biliardo della costa, pochi anni dopo, a segnare un altro record, ma non si ricordava bene il nome del posto. Tu guarda\u2026<br \/>\nSono passati quasi trent\u2019anni. Il flipper \u00e8 ancora al suo posto, io qui davanti la porta, e un ragazzo sui venti che gioca. Sul muro accanto al flipper, inciso non da Beniamino: BD 999.897.<br \/>\nPer intenderci, per noi Beniamino Dolli era cos\u00ec famoso, cos\u00ec importante che se qualcuno, aveva intenzione di fare qualsiasi cosa un po\u2019 pi\u00f9 azzardata del previsto, un po\u2019 pi\u00f9 difficile, quel tanto che basta da far s\u00ec che gli altri pensavano fosse impossibile, state certi che avreste sentito esclamare da uno di questi altri: \u201cEccolo l\u00ec, \u00e8 arrivato il Beniamino\u201d.<br \/>\nVolevi uscire con una tipa considerata irraggiungibile? Beniamino Dolli.<br \/>\nAvresti tracannato un litro di lambro senza staccar la bocca dal collo della boccia? Beniamino Dolli.<br \/>\nSei andato a pesca, fai vedere una trota da un chilo e mezzo. Esagerato, manco fossi il Dolli.<br \/>\nPotrei continuare per ore su Beniamino Dolli e le storie che girano ancora su di lui, ma lasciamo perdere, non capireste, cosa importa a voi di una leggenda di provincia? La leggenda.<br \/>\nSi da il caso che tutt\u2019ora se c\u2019\u00e8 qualcuno che supera i 700.000, che son tanti punti, in pochi minuti il tam tam fa si che il tipo in questione abbia il suo pubblico. A favore e contro. Incalza il brusio e generalmente il nome del mito salta fuori entro i primi trenta secondi.<\/p>\n<p><\/p>\n<\/div>","protected":false},"excerpt":{"rendered":"<p>[Translate] La leggenda di Beniamino Dolli \u00e8 primo capitolo di una trilogia di \u201cleggende\u201d della nostra terra. Ogni \u201cserie\u201d, tre appunto, \u00e8 composta di 22 episodi. Un progetto narrativo di Gianluca Casaccia. Vietata qualsiasi riproduzione<a class=\"read-more\" href=\"https:\/\/www.tilt.it\/flipper_pinball\/scrittori-in-tilt\/episodio-1-la-leggenda-di-beniamino-dolli\/\">Continua la lettura<\/a><\/p>\n","protected":false},"author":5,"featured_media":0,"parent":5648,"menu_order":1,"comment_status":"open","ping_status":"open","template":"","meta":{"ngg_post_thumbnail":0,"footnotes":""},"class_list":["post-5656","page","type-page","status-publish","hentry"],"jetpack_sharing_enabled":true,"jetpack_shortlink":"https:\/\/wp.me\/P4PHlc-1te","jetpack_likes_enabled":true,"_links":{"self":[{"href":"https:\/\/www.tilt.it\/flipper_pinball\/wp-json\/wp\/v2\/pages\/5656","targetHints":{"allow":["GET"]}}],"collection":[{"href":"https:\/\/www.tilt.it\/flipper_pinball\/wp-json\/wp\/v2\/pages"}],"about":[{"href":"https:\/\/www.tilt.it\/flipper_pinball\/wp-json\/wp\/v2\/types\/page"}],"author":[{"embeddable":true,"href":"https:\/\/www.tilt.it\/flipper_pinball\/wp-json\/wp\/v2\/users\/5"}],"replies":[{"embeddable":true,"href":"https:\/\/www.tilt.it\/flipper_pinball\/wp-json\/wp\/v2\/comments?post=5656"}],"version-history":[{"count":2,"href":"https:\/\/www.tilt.it\/flipper_pinball\/wp-json\/wp\/v2\/pages\/5656\/revisions"}],"predecessor-version":[{"id":9711,"href":"https:\/\/www.tilt.it\/flipper_pinball\/wp-json\/wp\/v2\/pages\/5656\/revisions\/9711"}],"up":[{"embeddable":true,"href":"https:\/\/www.tilt.it\/flipper_pinball\/wp-json\/wp\/v2\/pages\/5648"}],"wp:attachment":[{"href":"https:\/\/www.tilt.it\/flipper_pinball\/wp-json\/wp\/v2\/media?parent=5656"}],"curies":[{"name":"wp","href":"https:\/\/api.w.org\/{rel}","templated":true}]}}