{"id":5491,"date":"2010-10-24T19:29:27","date_gmt":"2010-10-24T17:29:27","guid":{"rendered":"http:\/\/www.tilt.it\/flipper_pinball\/?page_id=5491"},"modified":"2016-07-03T22:50:44","modified_gmt":"2016-07-03T20:50:44","slug":"presentazione_associazione_tilt","status":"publish","type":"page","link":"https:\/\/www.tilt.it\/flipper_pinball\/museo\/presentazione_associazione_tilt\/","title":{"rendered":"Presentazione Associazione Tilt!"},"content":{"rendered":"<div class=\"translate_block\" style=\"display: none;\">\n<a class=\"translate_translate\" id=\"translate_button_post-5491\" lang=\"en\" xml:lang=\"en\" href=\"javascript:show_translate_popup('en', 'post', 5491);\">[Translate]<\/a><img src=\"https:\/\/www.tilt.it\/flipper_pinball\/wp-content\/plugins\/google-ajax-translation\/transparent.gif\" id=\"translate_loading_post-5491\" class=\"translate_loading\" style=\"display: none;\" width=\"16\" height=\"16\" alt=\"\" \/>\n<\/div>\n<div id=\"content_div-5491\">\n<p style=\"text-align: justify;\"><em><strong>Indice:<\/strong><\/em><\/p>\n<p>1) Perche&#8217; un Museo del Flipper e dei giochi automatici a moneta, e perche&#8217; proprio a Bologna?<br \/>\n2) <a href=\"http:\/\/www.tilt.it\/flipper_pinball\/museo\/presentazione_associazione_tilt\/\">Presentazione dell&#8217;Associazione Tilt!, fondata nel 1994<\/a><br \/>\n3) <a href=\"http:\/\/www.tilt.it\/flipper_pinball\/museo\/progetto-museo-del-flipper\/\">Il primo progetto \u201cMuseo del Flipper\u201d, presentato alla Commissione Cultura del Comune di Bologna l&#8217;8 ottobre 2009<\/a><br \/>\n4) Mille firme per il Museo!<\/p>\n<p style=\"text-align: center;\"><span style=\"font-family: Arial,sans-serif;\"><span style=\"font-size: small;\"><em><strong>Associazione Tilt! \u2013 WWW.TILT.IT<\/strong><\/em><\/span><\/span><\/p>\n<p style=\"text-align: justify;\"><span style=\"font-family: Arial,sans-serif;\">associazione culturale no-profit per il collezionismo, restauro, ricerca sulla storia degli apparecchi a moneta in Italia.<\/span><\/p>\n<p style=\"text-align: center;\"><span style=\"font-family: Arial,sans-serif;\"><em><strong>PRESENTAZIONE<\/strong><\/em><\/span><\/p>\n<p style=\"text-align: justify;\"><span style=\"font-family: Arial,sans-serif;\"><span style=\"font-size: x-small;\">L\u2019associazione no-profit TILT! viene fondata in Bologna nel 1994 da un gruppo di appassionati di apparecchi a moneta (principalmente flipper e videogiochi, ma anche juke-boxes, slots antiche ed altro) per dare ufficialit\u00e0 alla loro attivit\u00e0 di ricerche storiche su queste macchine. Come prima iniziativa, viene effettuata la registrazione dell\u2019associazione presso l\u2019elenco delle Libere Forme Associative del Comune di Bologna; segue immediatamente la creazione del dominio internet <a href=\"http:\/\/www.tilt.it\" target=\"_blank\"><strong>www.tilt.it<\/strong><\/a>, un sito di servizio che all\u2019epoca ospita una semplice newsletter sulle attivit\u00e0 associative, riservata ai soci fondatori. Ben presto, per\u00f2, viene aggiunta una area di discussione aperta a tutti gli interessati; per la prima volta, coloro che scoprono il sito grazie al solito passaparola tra appassionati (Google non sarebbe stato inventato che parecchi anni dopo\u2026) hanno la possibilit\u00e0 di discutere tra di loro, scambiandosi informazioni e commenti, cercando aiuto per un restauro o una riparazione, la ricerca di parti mancanti, ed altro ancora. All\u2019epoca, l\u2019associazione pu\u00f2 far sede in alcuni locali di propriet\u00e0 di un socio nella periferia bolognese, denominati \u201cLa Saletta\u201d, nei quali non solo espone parte della sua collezione, effettuando periodici ritrovi, ma iniziano veri e propri corsi serali di restauro, tecniche di riparazione e ricerca guasti, che riscuotono grande interesse. Oltre ovviamente a normali tornei e gare, effettuati su macchine di tutti i periodi, che riuniscono per la loro particolarit\u00e0 giovani ed anziani cultori del divertimento a moneta. Purtroppo, la disponibilit\u00e0 dei locali termina qualche tempo dopo; l\u2019associazione \u00e8 quindi costretta ad esistere principalmente su Internet, in attesa di risolvere il problema, prioritario, del trovare un luogo dove tornare ad effettuare le sua attivit\u00e0.<\/span><\/span><\/p>\n<p style=\"text-align: justify;\"><span style=\"font-family: Arial,sans-serif;\"><span style=\"font-size: x-small;\">Nel tempo, la collezione di Tilt! inizia a comprendere non solo gli apparecchi veri e propri, ma anche manualistica e documentazione tecnica, depliants e materiale promozionale originale, video ed audiovisivi sull\u2019argomento. Di particolare interesse, la vastissima biblioteca sull\u2019argomento; oltre 450 pubblicazioni, italiane e straniere, alcune fuori catalogo e pertanto rarissime, che sono disponibili per la consultazione a chiunque ne faccia richiesta in maniera del tutto gratuita; spesso, sono di riferimento anche a studenti universitari per la preparazione di tesi di laurea, ed altro ancora.<\/span><\/span><\/p>\n<p style=\"text-align: justify;\"><span style=\"font-family: Arial,sans-serif;\"><span style=\"font-size: x-small;\">Il valore di tale raccolta viene riconosciuto nel 2008 dall\u2019UNESCO, che inserisce un link a www.tilt.it nel proprio portale internet, indicando la biblioteca associativa come di grande interesse per gli studiosi della storia dell\u2019automatico italiano e mondiale.<\/span><\/span><\/p>\n<p style=\"text-align: justify;\"><span style=\"font-family: Arial,sans-serif;\"><span style=\"font-size: x-small;\">Oggi, a distanza di ormai quindici anni, l\u2019associazione Tilt! ed il sito che la rappresenta sono note in Italia ed all\u2019estero come punto di riferimento per tutto ci\u00f2 che riguarda il gioco automatico in Italia a livello non professionale. Questo anche grazie alle continue attivit\u00e0 aperte al pubblico che Tilt! effettua ininterrottamente; ad esempio, nel 1996 Tilt! organizza una mostra al \u201cPinball Expo\u201d di Chicago (USA) riguardo gli apparecchi costruiti nel nostro paese; ancora, sono innumerevoli le presenze ed interviste in radio e tv e sulla stampa nazionale e non solo; Tilt! prende parte ad iniziative benefiche di raccolta fondi, collaborando con altre associazioni anche di altre regioni italiane. Vanno ricordate le partecipazioni ad iniziative come \u201cLa citt\u00e0 dello Zecchino\u201d, con l\u2019entusiastica scoperta del gioco del flipper da parte dei bambini (e dei loro genitori), ormai scomparso da bar e ritrovi nazionali in quanto soppiantato dai giochi a premio (le cosiddette \u201cNew Slots\u201d).  Importante poi la pubblicazione del volume \u201cSenza Ripetizione della Partita\u201d (2004, Facto Editore), il primo libro completamente italiano dedicato alla storia del flipper nel nostro Paese. Tante attivit\u00e0 mosse dalla passione e dalla voglia di far conoscere un aspetto dell&#8217;intrattenimento slegato dall&#8217;aspetto puramente commerciale, documentate ed archiviate sul sito dell&#8217;associazione.<\/span><\/span><\/p>\n<p style=\"text-align: center;\"><span style=\"font-family: Arial,sans-serif;\"><em><strong>CHI SIAMO<\/strong><\/em><\/span><\/p>\n<p style=\"text-align: justify;\"><span style=\"font-family: Arial,sans-serif;\"><span style=\"font-size: x-small;\">Federico Croci, nato a Bologna nel 1966, \u00e8 il presidente dell\u2019associazione Tilt!; collezionista di lunga data, \u00e8 proprietario di una raccolta di oltre 400 apparecchi di vario genere, dal 1930 ad oggi, ottenuta con lunghe ricerche, scambi ed acquisti in Italia ed all\u2019estero. Croci \u00e8 anche pubblicista su diverse riviste di settore (\u201cAutomat\u201d, \u201cRePlay\u201d, \u201cThe PinGame Journal\u201d) e non (\u201cVideogiochi\u201d, \u201cZzap!\u201d, \u201cMc-Microcomputer\u201d) con articoli e recensioni delle novit\u00e0 del mercato, ma anche storia degli apparecchi, loro documentazione, sviluppo del gioco, ecc. Nel 2004 ha pubblicato il volume \u201cPinball Machines for Italy &#8211; Senza Ripetizione della Partita\u201d, che riguarda la storia del flipper in Italia; storia non sempre facile, specie nel periodo a partire dal 1965, quando una curiosa legge proib\u00ec la vincita di partite extra e, spesso, anche di palline, costringendo i costruttori stranieri a produrre, appositamente per il nostro Paese, apparecchi particolari, modificati nel funzionamento.<\/span><\/span><\/p>\n<p style=\"text-align: justify;\"><span style=\"font-family: Arial,sans-serif;\"><span style=\"font-size: x-small;\">Gli associati a Tilt! provengono da ogni parte d\u2019Italia, e contribuiscono a mostre ed esposizioni organizzate dall\u2019associazione con apparecchi da loro restaurati, o con articoli ed immagini sulle loro personali collezioni; tra questi, ci sono spesso famosi personaggi del settore all\u2019estero, USA in testa: questo \u00e8 l\u2019esempio di John Popadiuk, designer di flipper della pi\u00f9 famosa casa americana, la Bally\/Williams, o di Tony Ramunni, anche lui ex creativo alla Bally, che abbandon\u00f2 verso la fine degli anni \u201980 per stabilirsi in Italia, presso la Zaccaria\/Mr. Game di Calderara di Reno (Bologna).<\/span><\/span><\/p>\n<p style=\"text-align: justify;\"><span style=\"font-family: Arial,sans-serif;\"><span style=\"font-size: x-small;\">Non \u00e8 necessario essere collezionisti, o appassionati tecnici, per essere interessati alle iniziative di Tilt!; spesso, l\u2019associazione riceve visite di appassionati di fotografia, studiosi dell\u2019attivit\u00e0 ludica, cultori degli anni \u201960,\u201970 ed \u201980; oppure, pi\u00f9 semplicemente, di chi vuole passare qualche momento di svago grazie all\u2019associazione ed ai suoi giochi.<\/span><\/span><\/p>\n<p style=\"text-align: center;\"><span style=\"font-family: Arial,sans-serif;\"><em><strong>IL SITO INTERNET<\/strong><\/em><\/span><\/p>\n<p style=\"text-align: justify;\"><span style=\"font-family: Arial,sans-serif;\"><span style=\"font-size: x-small;\">Dal momento della sua creazione, risalente ormai a quindici anni fa (risultando cos\u00ec essere uno dei primi domini .it ad essere registrati), il sito associativo www.tilt.it \u00e8 stato costantemente rinnovato, ricevendo visite di visitatori stranieri da tutto il mondo, persino da localit\u00e0 insolite come Cuba e la Russia, con ovviamente la grande maggioranza di frequentatori provienente da USA ed Europa, Italia in testa. L\u2019unicit\u00e0 del sito, e della collezione di apparecchi e di materiale, fa s\u00ec che non ci sia pari disponibilit\u00e0 di informazioni sugli apparecchi italiani in nessuna altra parte del mondo (o di Internet). Ogni giorno circa 500 visitatori scorrono le pagine del sito, per cercare foto, riferimenti ed informazioni su macchine di produzione nazionale dal 1950 ad oggi, risultando in circa 100 email ricevute ogni settimana. Il sito, partito con poco pi\u00f9 di 2 mega di contenuti, oggi ammonta nella sua versione completa ad oltre 3,2 gb di informazioni, immagini, contenuti multimediali.<\/span><\/span><\/p>\n<p style=\"text-align: center;\"><span style=\"font-family: Arial,sans-serif;\"><em><strong>VISITANDO WWW.TILT.IT<\/strong><\/em><\/span><\/p>\n<p><span style=\"font-family: Arial,sans-serif;\"><span style=\"font-size: x-small;\">Ecco alcuni link di particolare interesse all\u2019interno del nostro sito:<\/span><\/span><\/p>\n<p><span style=\"font-family: Arial,sans-serif;\"><span style=\"font-size: x-small;\">La rassegna stampa<\/span><\/span><span style=\"font-size: x-small;\">: <\/span><a href=\"http:\/\/www.tilt.it\/rassegnastampa.htm\" target=\"_blank\"><span style=\"font-family: Courier New,monospace;\"><span style=\"font-size: x-small;\">http:\/\/www.tilt.it\/rassegnastampa.htm<\/span><\/span><\/a><\/p>\n<p><span style=\"font-family: Arial,sans-serif;\"><span style=\"font-size: x-small;\">La biblioteca dell\u2019associazione<\/span><\/span><span style=\"font-size: x-small;\">: <\/span><a href=\"http:\/\/www.tilt.it\/books.htm\" target=\"_blank\"><span style=\"font-family: Courier New,monospace;\"><span style=\"font-size: x-small;\">http:\/\/www.tilt.it\/books.htm<\/span><\/span><\/a><br \/>\n<span style=\"font-family: Arial,sans-serif;\"> <\/span><\/p>\n<p><span style=\"font-family: Arial,sans-serif;\"><span style=\"font-size: x-small;\">L\u2019archivio italiano costruttori bolognesi e italiani di flipper<\/span><\/span><span style=\"font-size: x-small;\">:<\/span><span style=\"font-family: Courier New,monospace;\"><span style=\"font-size: x-small;\"> <a href=\"http:\/\/www.tilt.it\/flipper_pinball\/ipdb\/\" target=\"_blank\">http:\/\/www.tilt.it\/flipper_pinball\/ipdb\/<\/a><\/span><\/span><\/p>\n<p><span style=\"font-family: Arial,sans-serif;\"><span style=\"font-size: x-small;\">Apparizioni di flipper ed altri apparecchi automatici nei film italiani<\/span><\/span><span style=\"font-size: x-small;\">:<\/span><span style=\"font-family: Courier New,monospace;\"><span style=\"font-size: x-small;\"> <a href=\"http:\/\/www.tilt.it\/flipperfilmita.htm\" target=\"_blank\">http:\/\/www.tilt.it\/flipperfilmita.htm<\/a><\/span><\/span><\/p>\n<p><span style=\"font-family: Arial,sans-serif;\"><span style=\"font-size: x-small;\">L\u2019elenco di manuali e schemi che formano la biblioteca tecnica dell\u2019associazione<\/span><\/span><span style=\"font-size: x-small;\">:<\/span><span style=\"font-family: Courier New,monospace;\"><span style=\"font-size: x-small;\"> <a href=\"http:\/\/www.tilt.it\/tiltdiagrams.htm\" target=\"_blank\">http:\/\/www.tilt.it\/tiltdiagrams.htm<\/a><\/span><\/span><\/p>\n<p><span style=\"font-family: Arial,sans-serif;\"><span style=\"font-size: x-small;\">Articoli ed altre storie<\/span><\/span><span style=\"font-size: x-small;\">: <\/span><a href=\"http:\/\/www.tilt.it\/press.htm\" target=\"_blank\"><span style=\"font-family: Courier New,monospace;\"><span style=\"font-size: x-small;\">http:\/\/www.tilt.it\/press.htm<\/span><\/span><\/a><\/p>\n<p style=\"text-align: center;\"><span style=\"font-family: Arial,sans-serif;\"><span style=\"font-size: x-small;\"><em><strong>PER CONTATTARE TILT!<\/strong><\/em><\/span><\/span><\/p>\n<p style=\"text-align: center;\"><span style=\"font-size: x-small;\">email: staff@tilt.it<\/span><\/p>\n<p style=\"text-align: center;\"><a href=\"http:\/\/www.tilt.it\" target=\"_blank\"><span style=\"font-size: x-small;\">http:\/\/www.tilt.it<\/span><\/a><\/p>\n<p style=\"text-align: justify;\"><em><strong>Indice:<\/strong><\/em><\/p>\n<p>1) Perche&#8217; un Museo del Flipper e dei giochi automatici a moneta, e perche&#8217; proprio a Bologna?<br \/>\n2) <a href=\"http:\/\/www.tilt.it\/flipper_pinball\/museo\/presentazione_associazione_tilt\/\">Presentazione dell&#8217;Associazione Tilt!, fondata nel 1994<\/a><br \/>\n3) <a href=\"http:\/\/www.tilt.it\/flipper_pinball\/museo\/progetto-museo-del-flipper\/\">Il primo progetto \u201cMuseo del Flipper\u201d, presentato alla Commissione Cultura del Comune di Bologna l&#8217;8 ottobre 2009<\/a><br \/>\n4) Mille firme per il Museo!<\/p>\n<\/div>\n","protected":false},"excerpt":{"rendered":"<p>[Translate] Indice: 1) Perche&#8217; un Museo del Flipper e dei giochi automatici a moneta, e perche&#8217; proprio a Bologna? 2) Presentazione dell&#8217;Associazione Tilt!, fondata nel 1994 3) Il primo progetto \u201cMuseo del Flipper\u201d, presentato alla<a class=\"read-more\" href=\"https:\/\/www.tilt.it\/flipper_pinball\/museo\/presentazione_associazione_tilt\/\">Continua la lettura<\/a><\/p>\n","protected":false},"author":5,"featured_media":0,"parent":5479,"menu_order":1,"comment_status":"open","ping_status":"open","template":"","meta":{"ngg_post_thumbnail":0,"footnotes":""},"class_list":["post-5491","page","type-page","status-publish","hentry"],"jetpack_sharing_enabled":true,"jetpack_shortlink":"https:\/\/wp.me\/P4PHlc-1qz","jetpack_likes_enabled":true,"_links":{"self":[{"href":"https:\/\/www.tilt.it\/flipper_pinball\/wp-json\/wp\/v2\/pages\/5491","targetHints":{"allow":["GET"]}}],"collection":[{"href":"https:\/\/www.tilt.it\/flipper_pinball\/wp-json\/wp\/v2\/pages"}],"about":[{"href":"https:\/\/www.tilt.it\/flipper_pinball\/wp-json\/wp\/v2\/types\/page"}],"author":[{"embeddable":true,"href":"https:\/\/www.tilt.it\/flipper_pinball\/wp-json\/wp\/v2\/users\/5"}],"replies":[{"embeddable":true,"href":"https:\/\/www.tilt.it\/flipper_pinball\/wp-json\/wp\/v2\/comments?post=5491"}],"version-history":[{"count":1,"href":"https:\/\/www.tilt.it\/flipper_pinball\/wp-json\/wp\/v2\/pages\/5491\/revisions"}],"predecessor-version":[{"id":9647,"href":"https:\/\/www.tilt.it\/flipper_pinball\/wp-json\/wp\/v2\/pages\/5491\/revisions\/9647"}],"up":[{"embeddable":true,"href":"https:\/\/www.tilt.it\/flipper_pinball\/wp-json\/wp\/v2\/pages\/5479"}],"wp:attachment":[{"href":"https:\/\/www.tilt.it\/flipper_pinball\/wp-json\/wp\/v2\/media?parent=5491"}],"curies":[{"name":"wp","href":"https:\/\/api.w.org\/{rel}","templated":true}]}}