{"id":3181,"date":"2009-04-23T21:42:51","date_gmt":"2009-04-23T19:42:51","guid":{"rendered":"http:\/\/www.tilt.it\/flipper_pinball\/?page_id=3181"},"modified":"2020-05-06T23:09:07","modified_gmt":"2020-05-06T21:09:07","slug":"manuali-schemi-elettrici-istruzioni-flipper","status":"publish","type":"page","link":"https:\/\/www.tilt.it\/flipper_pinball\/manuali-schemi-elettrici-istruzioni-flipper\/","title":{"rendered":"Manuali, schemi elettrici, ecc."},"content":{"rendered":"<div class=\"translate_block\" style=\"display: none;\">\n<a class=\"translate_translate\" id=\"translate_button_post-3181\" lang=\"en\" xml:lang=\"en\" href=\"javascript:show_translate_popup('en', 'post', 3181);\">[Translate]<\/a><img src=\"https:\/\/www.tilt.it\/flipper_pinball\/wp-content\/plugins\/google-ajax-translation\/transparent.gif\" id=\"translate_loading_post-3181\" class=\"translate_loading\" style=\"display: none;\" width=\"16\" height=\"16\" alt=\"\" \/>\n<\/div>\n<div id=\"content_div-3181\">\n<p><\/p>\n<h1 style=\"text-align: center;\"><strong><span style=\"color: #ff0000;\">AVVISO<\/span><\/strong><\/h1>\n<h3 style=\"text-align: center;\"><span style=\"color: #ff0000;\">Il servizio di fornitura di fotocopie di schemi e manuali e&#8217; <span style=\"color: #800000;\"><strong>SOSPESO<\/strong><\/span> fino a data da destinarsi. Quando sara&#8217; possibile riprenderlo, questo avviso verra&#8217; eliminato.<\/span><\/h3>\n<h4 style=\"text-align: center;\"><em>Ultimo Aggiornamento: marzo 2020<\/em><\/h4>\n<p>&nbsp;<\/p>\n<div class=\"callout\" style=\"text-align: justify;\">\n<p>&nbsp;<br \/>\n<!--\n\n\n<p style=\"text-align: justify;\">Viste le tante richieste, \u00e8 di nuovo possibile richiedere fotocopie degli schemi elettrici di flipper ed altri giochi (troppo lavoro offrire anche copie di manuali, cartelle d'istruzioni, ecc.... sorry!). Tali copie al metro lineare, cio\u00e8 in grandezza naturale, verranno effettuate presso una copisteria, al costo quindi della copia, pi\u00f9 la spedizione via posta prioritaria. Non \u00e8 possibile ricevere tale materiale in formato digitale, per email, o altro sistema.<\/p>\n\n\n\n\n\n<div class=\"callout\" style=\"text-align: justify;\">In genere la fotocopia \u00e8 perfetta, pu\u00f2 per\u00f2 capitare che l'originale sia rovinato, abbia delle pieghe, ecc., specie nel caso di originali rari o molto vecchi. Non conserviamo per\u00f2 in collezione nulla che sia incompleto o illeggibile, quindi la fotocopia che si riceve \u00e8 comunque perfettamente utilizzabile. Per maggiori informazioni, contattateci all'email <a href=\"mailto:schemi@tilt.it\">schemi@tilt.it<\/a>!\n--><br \/>\n&nbsp;<\/p>\n<h2 style=\"text-align: center;\"><em><strong><span style=\"color: #800080;\">Riassumendo:<\/span><br \/>\n<\/strong><\/em><\/h2>\n<h2 style=\"text-align: center;\">1) <span style=\"color: #ff0000;\">non abbiamo nulla disponibile in digitale<\/span>; se interessa qualcosa, va portato in copisteria a pagamento, e poi spedito per posta.<\/h2>\n<h2 style=\"text-align: center;\">2) <span style=\"color: #ff0000;\">abbiamo solo quello che e&#8217; elencato<\/span>; in particolare, non ci sono manuali per i flipper piu&#8217; vecchi, esiste solo lo schema elettrico (in genere, un foglio di grande formato).<\/h2>\n<h2 style=\"text-align: center;\">3) <span style=\"color: #ff0000;\">non siamo ricambisti<\/span>; non vendiamo gommini, lampadine, palline, e ricambi in genere.<\/h2>\n<h2 style=\"text-align: center;\">4) <span style=\"color: #ff0000;\">le copie italiane, anche se con lo stesso nome di un modello originale, ben difficilmente erano fornite di schema<\/span>. Quello che abbiamo e&#8217; elencato in queste pagine, ed anche se puo&#8217; sembrare simile ad un altro modello, lo schema del modello originale non ha assolutamente nulla di simile, ma e&#8217; totalmente inutilizzabile (ad esempio per un modello RMG).<\/h2>\n<p>&nbsp;<br \/>\n&nbsp;<\/p>\n<h1 style=\"text-align: center;\"><strong><span style=\"color: #ff0000;\">AVVISO<\/span><\/strong><\/h1>\n<h3 style=\"text-align: center;\"><span style=\"color: #ff0000;\">Il servizio di fornitura di fotocopie di schemi e manuali e&#8217; <span style=\"color: #800000;\"><strong>SOSPESO<\/strong><\/span> fino a data da destinarsi. Quando sara&#8217; possibile riprenderlo, questo avviso verra&#8217; eliminato.<\/span><\/h3>\n<h4 style=\"text-align: center;\"><em>Ultimo Aggiornamento: marzo 2020<\/em><\/h4>\n<p>&nbsp;<\/p>\n<div class=\"callout\" style=\"text-align: justify;\">\n<p>&nbsp;<\/p>\n<p><!--\n\n\n<h2 style=\"text-align: center;\">5) <span style=\"color: #ff0000;\">per ogni informazione, richiesta, domanda<\/span>: mandare una mail a <a href=\"mailto:schemi@tilt.it\">schemi@tilt.it<\/a><\/h2>\n\n\n--><\/p>\n<div class=\"callout\" style=\"text-align: justify;\">\n<h3><a name=\"KEYWORDS\"><\/a>KEYWORDS USED IN THIS LIST<\/h3>\n<p>ADJ &#8211; various adjustments sheet<br \/>\nCC &#8211; coin chute adjustments and\/or coil charts<br \/>\nD &#8211; diagram<br \/>\nMAN &#8211; operation and\/or installation manual<br \/>\nMSP &#8211; motor switch positions<br \/>\nPA &#8211; post adjustments<br \/>\nPI &#8211; playfield informations<br \/>\nPL &#8211; parts list<br \/>\nPC &#8211; parts catalog<br \/>\nRPB &#8211; revised price bulletins<br \/>\nRRC &#8211; rubber ring chart<br \/>\nSC &#8211; score and\/or instructions cards<br \/>\nSCC &#8211; supplement coin circuits<br \/>\nSUP &#8211; catalogs supplements<\/p>\n<\/div>\n<h2 style=\"text-align: center;\">INDEX<\/h2>\n<\/div>\n<\/div>\n<p><!--%subpages%--><\/p>\n<\/div>","protected":false},"excerpt":{"rendered":"<p>[Translate] AVVISO Il servizio di fornitura di fotocopie di schemi e manuali e&#8217; SOSPESO fino a data da destinarsi. Quando sara&#8217; possibile riprenderlo, questo avviso verra&#8217; eliminato. Ultimo Aggiornamento: marzo 2020 &nbsp; &nbsp; &nbsp; Riassumendo:<a class=\"read-more\" href=\"https:\/\/www.tilt.it\/flipper_pinball\/manuali-schemi-elettrici-istruzioni-flipper\/\">Continua la lettura<\/a><\/p>\n","protected":false},"author":5,"featured_media":7547,"parent":0,"menu_order":7,"comment_status":"open","ping_status":"open","template":"","meta":{"ngg_post_thumbnail":0,"jetpack_post_was_ever_published":false,"footnotes":""},"class_list":["post-3181","page","type-page","status-publish","has-post-thumbnail","hentry"],"jetpack_sharing_enabled":true,"jetpack_shortlink":"https:\/\/wp.me\/P4PHlc-Pj","jetpack_likes_enabled":true,"_links":{"self":[{"href":"https:\/\/www.tilt.it\/flipper_pinball\/wp-json\/wp\/v2\/pages\/3181","targetHints":{"allow":["GET"]}}],"collection":[{"href":"https:\/\/www.tilt.it\/flipper_pinball\/wp-json\/wp\/v2\/pages"}],"about":[{"href":"https:\/\/www.tilt.it\/flipper_pinball\/wp-json\/wp\/v2\/types\/page"}],"author":[{"embeddable":true,"href":"https:\/\/www.tilt.it\/flipper_pinball\/wp-json\/wp\/v2\/users\/5"}],"replies":[{"embeddable":true,"href":"https:\/\/www.tilt.it\/flipper_pinball\/wp-json\/wp\/v2\/comments?post=3181"}],"version-history":[{"count":24,"href":"https:\/\/www.tilt.it\/flipper_pinball\/wp-json\/wp\/v2\/pages\/3181\/revisions"}],"predecessor-version":[{"id":12174,"href":"https:\/\/www.tilt.it\/flipper_pinball\/wp-json\/wp\/v2\/pages\/3181\/revisions\/12174"}],"wp:featuredmedia":[{"embeddable":true,"href":"https:\/\/www.tilt.it\/flipper_pinball\/wp-json\/wp\/v2\/media\/7547"}],"wp:attachment":[{"href":"https:\/\/www.tilt.it\/flipper_pinball\/wp-json\/wp\/v2\/media?parent=3181"}],"curies":[{"name":"wp","href":"https:\/\/api.w.org\/{rel}","templated":true}]}}